{"id":2329,"date":"2015-02-10T19:22:07","date_gmt":"2015-02-10T19:22:07","guid":{"rendered":"https:\/\/www.cullererende.com\/contact\/"},"modified":"2021-11-03T11:58:20","modified_gmt":"2021-11-03T10:58:20","slug":"contact","status":"publish","type":"page","link":"https:\/\/www.cullererende.com\/es\/contact\/","title":{"rendered":"Contacte"},"content":{"rendered":"<p><div class=\"fusion-fullwidth fullwidth-box fusion-builder-row-1 fusion-flex-container fusion-parallax-fixed nonhundred-percent-fullwidth non-hundred-percent-height-scrolling\" style=\"background-color: rgba(255,255,255,0.77);background-image: url(&quot;https:\/\/www.cullererende.com\/wp-content\/uploads\/2015\/02\/Sin-titulo-1.png&quot;);background-position: center bottom;background-repeat: no-repeat;background-blend-mode: lighten;border-width: 0px 0px 0px 0px;border-color:#eae9e9;border-style:solid;-webkit-background-size:cover;-moz-background-size:cover;-o-background-size:cover;background-size:cover;background-attachment:fixed;\" ><div class=\"fusion-builder-row fusion-row fusion-flex-align-items-stretch\" style=\"max-width:1664px;margin-left: calc(-4% \/ 2 );margin-right: calc(-4% \/ 2 );\"><div class=\"fusion-layout-column fusion_builder_column fusion-builder-column-0 fusion_builder_column_1_1 1_1 fusion-flex-column fusion-flex-align-self-flex-start fusion-column-no-min-height\"><div class=\"fusion-column-wrapper fusion-flex-justify-content-flex-start fusion-content-layout-column\" style=\"background-position:left top;background-repeat:no-repeat;-webkit-background-size:cover;-moz-background-size:cover;-o-background-size:cover;background-size:cover;padding: 0px 0px 0px 0px;\"><style type=\"text\/css\">@media only screen and (max-width:800px) {.fusion-title.fusion-title-1{margin-top:0px!important;margin-bottom:30px!important;}}<\/style><div class=\"fusion-title title fusion-title-1 fusion-sep-none fusion-title-text fusion-title-size-two\" style=\"margin-top:0px;margin-bottom:30px;\"><h2 class=\"title-heading-left\" style=\"margin:0;color:#ffffff;\"><span style=\"color: #333333;\">CONT\u00c1CTANOS<\/span><\/h2><\/div><div class=\"fusion-text fusion-text-1\" style=\"font-size:20px;\"><p><span style=\"color: #333333;\">Sea que tengas una gran idea o necesites algo de inspiraci\u00f3n con un proyecto de construcci\u00f3n, estamos aqu\u00ed para crear edificios perfectos.<br \/>\nDesde el concepto hasta la creaci\u00f3n, d\u00e9janos inspirarte.<\/span><\/p>\n<\/div><\/div><\/div><style type=\"text\/css\">.fusion-body .fusion-builder-column-0{width:100% !important;margin-top : 0px;margin-bottom : 60px;}.fusion-builder-column-0 > .fusion-column-wrapper {padding-top : 0px !important;padding-right : 0px !important;margin-right : 1.92%;padding-bottom : 0px !important;padding-left : 0px !important;margin-left : 1.92%;}@media only screen and (max-width:800px) {.fusion-body .fusion-builder-column-0{width:100% !important;}.fusion-builder-column-0 > .fusion-column-wrapper {margin-right : 1.92%;margin-left : 1.92%;}}@media only screen and (max-width:640px) {.fusion-body .fusion-builder-column-0{width:100% !important;}.fusion-builder-column-0 > .fusion-column-wrapper {margin-right : 1.92%;margin-left : 1.92%;}}<\/style><div class=\"fusion-layout-column fusion_builder_column fusion-builder-column-1 fusion_builder_column_2_5 2_5 fusion-flex-column\"><div class=\"fusion-column-wrapper fusion-flex-justify-content-flex-start fusion-content-layout-column\" style=\"background-position:left top;background-repeat:no-repeat;-webkit-background-size:cover;-moz-background-size:cover;-o-background-size:cover;background-size:cover;padding: 0px 0px 0px 0px;\"><div class=\"fusion-text fusion-text-2\"><div class=\"wpforms-container wpforms-container-full\" id=\"wpforms-2332\"><form id=\"wpforms-form-2332\" class=\"wpforms-validate wpforms-form\" data-formid=\"2332\" method=\"post\" enctype=\"multipart\/form-data\" action=\"\/es\/wp-json\/wp\/v2\/pages\/2329\" data-token=\"474d75f1c8076c182abbab4b54013040\"><noscript class=\"wpforms-error-noscript\">Por favor, activa JavaScript en tu navegador para completar este formulario.<\/noscript><div class=\"wpforms-field-container\"><div id=\"wpforms-2332-field_0-container\" class=\"wpforms-field wpforms-field-name wpforms-one-half wpforms-first wpforms-two-thirds wpforms-first\" data-field-id=\"0\"><label class=\"wpforms-field-label\" for=\"wpforms-2332-field_0\">Nombre y Apellidos <span class=\"wpforms-required-label\">*<\/span><\/label><input type=\"text\" id=\"wpforms-2332-field_0\" class=\"wpforms-field-large wpforms-field-required\" name=\"wpforms[fields][0]\" required><\/div><div id=\"wpforms-2332-field_4-container\" class=\"wpforms-field wpforms-field-text wpforms-one-half wpforms-one-third\" data-field-id=\"4\"><label class=\"wpforms-field-label\" for=\"wpforms-2332-field_4\">Tel\u00e9fono<\/label><input type=\"text\" id=\"wpforms-2332-field_4\" class=\"wpforms-field-large\" name=\"wpforms[fields][4]\" ><\/div><div id=\"wpforms-2332-field_1-container\" class=\"wpforms-field wpforms-field-email wpforms-two-thirds wpforms-first\" data-field-id=\"1\"><label class=\"wpforms-field-label\" for=\"wpforms-2332-field_1\">Email <span class=\"wpforms-required-label\">*<\/span><\/label><input type=\"email\" id=\"wpforms-2332-field_1\" class=\"wpforms-field-large wpforms-field-required\" name=\"wpforms[fields][1]\" required><\/div><div id=\"wpforms-2332-field_3-container\" class=\"wpforms-field wpforms-field-select wpforms-one-third wpforms-field-select-style-classic\" data-field-id=\"3\"><label class=\"wpforms-field-label\" for=\"wpforms-2332-field_3\">Tipo de Proyecto <span class=\"wpforms-required-label\">*<\/span><\/label><select id=\"wpforms-2332-field_3\" class=\"wpforms-field-large wpforms-field-required\" name=\"wpforms[fields][3]\" required=\"required\"><option value=\"Dise\u00f1o de Interiores y Decoraci\u00f3n\" >Dise\u00f1o de Interiores y Decoraci\u00f3n<\/option><option value=\"Obra Nueva\" >Obra Nueva<\/option><option value=\"Rehabilitaci\u00f3n\" >Rehabilitaci\u00f3n<\/option><option value=\"Passivhaus\" >Passivhaus<\/option><option value=\"otros\" >otros<\/option><\/select><\/div><div id=\"wpforms-2332-field_2-container\" class=\"wpforms-field wpforms-field-textarea\" data-field-id=\"2\"><label class=\"wpforms-field-label\" for=\"wpforms-2332-field_2\">Mensaje <span class=\"wpforms-required-label\">*<\/span><\/label><textarea id=\"wpforms-2332-field_2\" class=\"wpforms-field-medium wpforms-field-required\" name=\"wpforms[fields][2]\" required><\/textarea><\/div><\/div><div class=\"wpforms-recaptcha-container wpforms-is-recaptcha\" ><div class=\"g-recaptcha\" data-sitekey=\"6LddIzshAAAAAIh7nmAOyutGfo7_Ug6naZGEgsjL\"><\/div><input type=\"text\" name=\"g-recaptcha-hidden\" class=\"wpforms-recaptcha-hidden\" style=\"position:absolute!important;clip:rect(0,0,0,0)!important;height:1px!important;width:1px!important;border:0!important;overflow:hidden!important;padding:0!important;margin:0!important;\" required><\/div><div class=\"wpforms-submit-container\" ><input type=\"hidden\" name=\"wpforms[id]\" value=\"2332\"><input type=\"hidden\" name=\"wpforms[author]\" value=\"1\"><button type=\"submit\" name=\"wpforms[submit]\" class=\"wpforms-submit \" id=\"wpforms-submit-2332\" value=\"wpforms-submit\" aria-live=\"assertive\" data-alt-text=\"Enviando...\" data-submit-text=\"ENVIAR\">ENVIAR<\/button><\/div><\/form><\/div>  <!-- .wpforms-container -->\n<\/div><\/div><\/div><style type=\"text\/css\">.fusion-body .fusion-builder-column-1{width:40% !important;margin-top : 0px;margin-bottom : 20px;}.fusion-builder-column-1 > .fusion-column-wrapper {padding-top : 0px !important;padding-right : 0px !important;margin-right : 4.8%;padding-bottom : 0px !important;padding-left : 0px !important;margin-left : 4.8%;}@media only screen and (max-width:800px) {.fusion-body .fusion-builder-column-1{width:100% !important;}.fusion-builder-column-1 > .fusion-column-wrapper {margin-right : 1.92%;margin-left : 1.92%;}}@media only screen and (max-width:640px) {.fusion-body .fusion-builder-column-1{width:100% !important;}.fusion-builder-column-1 > .fusion-column-wrapper {margin-right : 1.92%;margin-left : 1.92%;}}<\/style><div class=\"fusion-layout-column fusion_builder_column fusion-builder-column-2 fusion_builder_column_1_5 1_5 fusion-flex-column\"><div class=\"fusion-column-wrapper fusion-column-has-shadow fusion-flex-justify-content-center fusion-content-layout-column\" style=\"background-position:left top;background-repeat:no-repeat;-webkit-background-size:cover;-moz-background-size:cover;-o-background-size:cover;background-size:cover;background-color:#ffffff;border-width: 0 2px 0 2px;border-color:#ffffff;border-style:solid;box-shadow:0px 0px 20px 0px rgba(0,0,0,0.35);;padding: 35px 20px 35px 20px;\"><div class=\"fusion-text fusion-text-3\"><p style=\"text-align: center; font-size: 24px; font-weight: 500;\">BALAGUER<\/p>\n<\/div><div class=\"fusion-text fusion-text-4\"><p style=\"text-align: center; font-size: 18px;\">C\/ Miracle, 9 baixos 1\u00aa<\/p>\n<\/div><div class=\"fusion-separator fusion-full-width-sep\" style=\"align-self: center;margin-left: auto;margin-right: auto;margin-top:20px;width:100%;\"><\/div><div style=\"text-align:center;\"><style type=\"text\/css\">.fusion-button.button-1 .fusion-button-text, .fusion-button.button-1 i {color:rgba(0,0,0,0.75);}.fusion-button.button-1 .fusion-button-icon-divider{border-color:rgba(0,0,0,0.75);}.fusion-button.button-1:hover .fusion-button-text, .fusion-button.button-1:hover i,.fusion-button.button-1:focus .fusion-button-text, .fusion-button.button-1:focus i,.fusion-button.button-1:active .fusion-button-text, .fusion-button.button-1:active{color:rgba(255,255,255,0.9);}.fusion-button.button-1:hover .fusion-button-icon-divider, .fusion-button.button-1:hover .fusion-button-icon-divider, .fusion-button.button-1:active .fusion-button-icon-divider{border-color:rgba(255,255,255,0.9);}.fusion-button.button-1:hover, .fusion-button.button-1:focus, .fusion-button.button-1:active{border-color:rgba(0,0,0,0.88);border-width:1px;}.fusion-button.button-1 {border-color:rgba(0,0,0,0.75);border-width:1px;border-radius:5px;}.fusion-button.button-1{background: #ffffff;}.fusion-button.button-1:hover,.button-1:focus,.fusion-button.button-1:active{background: #000000;}<\/style><a class=\"fusion-button button-flat fusion-button-default-size button-custom button-1 fusion-button-default-span fusion-button-default-type\" target=\"_blank\" rel=\"noopener noreferrer\" href=\"https:\/\/www.google.com\/maps\/place\/C+%2B+R+Arquitectura\/@41.7891355,0.8056412,17.75z\/data=!4m5!3m4!1s0x12a6f1a3606160ad:0x775ac77ea796d731!8m2!3d41.7889581!4d0.8057399\"><span class=\"fusion-button-text\">ABRIR MAPA<\/span><\/a><\/div><\/div><\/div><style type=\"text\/css\">.fusion-body .fusion-builder-column-2{width:20% !important;margin-top : 20px;margin-bottom : 20px;}.fusion-builder-column-2 > .fusion-column-wrapper {padding-top : 35px !important;padding-right : 20px !important;margin-right : 9.6%;padding-bottom : 35px !important;padding-left : 20px !important;margin-left : 9.6%;}@media only screen and (max-width:800px) {.fusion-body .fusion-builder-column-2{width:100% !important;order : 0;}.fusion-builder-column-2 > .fusion-column-wrapper {margin-right : 1.92%;margin-left : 1.92%;}}@media only screen and (max-width:640px) {.fusion-body .fusion-builder-column-2{width:100% !important;order : 0;}.fusion-builder-column-2 > .fusion-column-wrapper {margin-right : 1.92%;margin-left : 1.92%;}}<\/style><div class=\"fusion-layout-column fusion_builder_column fusion-builder-column-3 fusion_builder_column_1_5 1_5 fusion-flex-column\"><div class=\"fusion-column-wrapper fusion-column-has-shadow fusion-flex-justify-content-center fusion-content-layout-column\" style=\"background-position:left top;background-repeat:no-repeat;-webkit-background-size:cover;-moz-background-size:cover;-o-background-size:cover;background-size:cover;background-color:#ffffff;box-shadow:0px 0px 20px 0px rgba(0,0,0,0.35);;padding: 35px 0px 35px 0px;\"><div class=\"fusion-text fusion-text-5\"><p style=\"text-align: center; font-size: 24px; font-weight: 500;\">ARTESA DE SEGRE<\/p>\n<\/div><div class=\"fusion-text fusion-text-6\"><p style=\"text-align: center; font-size: 18px;\">C\/ Maria Anzizu, 31-33, Baixos<\/p>\n<\/div><div class=\"fusion-separator fusion-full-width-sep\" style=\"align-self: center;margin-left: auto;margin-right: auto;margin-top:20px;width:100%;\"><\/div><div style=\"text-align:center;\"><style type=\"text\/css\">.fusion-button.button-2 .fusion-button-text, .fusion-button.button-2 i {color:rgba(0,0,0,0.75);}.fusion-button.button-2 .fusion-button-icon-divider{border-color:rgba(0,0,0,0.75);}.fusion-button.button-2:hover .fusion-button-text, .fusion-button.button-2:hover i,.fusion-button.button-2:focus .fusion-button-text, .fusion-button.button-2:focus i,.fusion-button.button-2:active .fusion-button-text, .fusion-button.button-2:active{color:rgba(255,255,255,0.9);}.fusion-button.button-2:hover .fusion-button-icon-divider, .fusion-button.button-2:hover .fusion-button-icon-divider, .fusion-button.button-2:active .fusion-button-icon-divider{border-color:rgba(255,255,255,0.9);}.fusion-button.button-2:hover, .fusion-button.button-2:focus, .fusion-button.button-2:active{border-color:rgba(0,0,0,0.88);border-width:1px;}.fusion-button.button-2 {border-color:rgba(0,0,0,0.75);border-width:1px;border-radius:5px;}.fusion-button.button-2{background: #ffffff;}.fusion-button.button-2:hover,.button-2:focus,.fusion-button.button-2:active{background: #000000;}<\/style><a class=\"fusion-button button-flat fusion-button-default-size button-custom button-2 fusion-button-default-span fusion-button-default-type\" target=\"_blank\" rel=\"noopener noreferrer\" href=\"https:\/\/www.google.com\/maps\/place\/Avinguda+de+Maria+Anzizu,+31,+25730+Artesa+de+Segre,+L%C3%A9rida\/@41.8953527,1.0416899,17.5z\/data=!4m5!3m4!1s0x12a68814ab40c607:0x9839c81f7ac5ab6e!8m2!3d41.89513!4d1.04402\"><span class=\"fusion-button-text\">ABRIR MAPA<\/span><\/a><\/div><\/div><\/div><style type=\"text\/css\">.fusion-body .fusion-builder-column-3{width:20% !important;margin-top : 20px;margin-bottom : 20px;}.fusion-builder-column-3 > .fusion-column-wrapper {padding-top : 35px !important;padding-right : 0px !important;margin-right : 9.6%;padding-bottom : 35px !important;padding-left : 0px !important;margin-left : 9.6%;}@media only screen and (max-width:800px) {.fusion-body .fusion-builder-column-3{width:100% !important;order : 0;}.fusion-builder-column-3 > .fusion-column-wrapper {margin-right : 1.92%;margin-left : 1.92%;}}@media only screen and (max-width:640px) {.fusion-body .fusion-builder-column-3{width:100% !important;order : 0;}.fusion-builder-column-3 > .fusion-column-wrapper {margin-right : 1.92%;margin-left : 1.92%;}}<\/style><div class=\"fusion-layout-column fusion_builder_column fusion-builder-column-4 fusion_builder_column_1_5 1_5 fusion-flex-column\"><div class=\"fusion-column-wrapper fusion-column-has-shadow fusion-flex-justify-content-center fusion-content-layout-column\" style=\"background-position:left top;background-repeat:no-repeat;-webkit-background-size:cover;-moz-background-size:cover;-o-background-size:cover;background-size:cover;background-color:#ffffff;border-width: 0 2px 0 2px;border-color:#ffffff;border-style:solid;box-shadow:0px 0px 20px 0px rgba(0,0,0,0.35);;padding: 35px 20px 35px 20px;\"><div class=\"fusion-text fusion-text-7\"><p style=\"text-align: center; font-size: 24px; font-weight: 500;\">BIN\u00c9FAR<\/p>\n<\/div><div class=\"fusion-text fusion-text-8\"><p style=\"text-align: center; font-size: 18px;\">C\/ Caspe, 6<\/p>\n<\/div><div class=\"fusion-separator fusion-full-width-sep\" style=\"align-self: center;margin-left: auto;margin-right: auto;margin-top:20px;width:100%;\"><\/div><div style=\"text-align:center;\"><style type=\"text\/css\">.fusion-button.button-3 .fusion-button-text, .fusion-button.button-3 i {color:rgba(0,0,0,0.75);}.fusion-button.button-3 .fusion-button-icon-divider{border-color:rgba(0,0,0,0.75);}.fusion-button.button-3:hover .fusion-button-text, .fusion-button.button-3:hover i,.fusion-button.button-3:focus .fusion-button-text, .fusion-button.button-3:focus i,.fusion-button.button-3:active .fusion-button-text, .fusion-button.button-3:active{color:rgba(255,255,255,0.9);}.fusion-button.button-3:hover .fusion-button-icon-divider, .fusion-button.button-3:hover .fusion-button-icon-divider, .fusion-button.button-3:active .fusion-button-icon-divider{border-color:rgba(255,255,255,0.9);}.fusion-button.button-3:hover, .fusion-button.button-3:focus, .fusion-button.button-3:active{border-color:rgba(0,0,0,0.88);border-width:1px;}.fusion-button.button-3 {border-color:rgba(0,0,0,0.75);border-width:1px;border-radius:5px;}.fusion-button.button-3{background: #ffffff;}.fusion-button.button-3:hover,.button-3:focus,.fusion-button.button-3:active{background: #000000;}<\/style><a class=\"fusion-button button-flat fusion-button-default-size button-custom button-3 fusion-button-default-span fusion-button-default-type\" target=\"_blank\" rel=\"noopener noreferrer\" href=\"https:\/\/www.google.com\/maps\/place\/Calle+Caspe,+6,+22500+Bin%C3%A9far,+Huesca\/@41.8506927,0.2896199,17.5z\/data=!4m5!3m4!1s0x12a774b014015f1b:0x936628e4558fd0f1!8m2!3d41.850715!4d0.291067\"><span class=\"fusion-button-text\">ABRIR MAPA<\/span><\/a><\/div><\/div><\/div><style type=\"text\/css\">.fusion-body .fusion-builder-column-4{width:20% !important;margin-top : 20px;margin-bottom : 20px;}.fusion-builder-column-4 > .fusion-column-wrapper {padding-top : 35px !important;padding-right : 20px !important;margin-right : 9.6%;padding-bottom : 35px !important;padding-left : 20px !important;margin-left : 9.6%;}@media only screen and (max-width:800px) {.fusion-body .fusion-builder-column-4{width:100% !important;order : 0;}.fusion-builder-column-4 > .fusion-column-wrapper {margin-right : 1.92%;margin-left : 1.92%;}}@media only screen and (max-width:640px) {.fusion-body .fusion-builder-column-4{width:100% !important;order : 0;}.fusion-builder-column-4 > .fusion-column-wrapper {margin-right : 1.92%;margin-left : 1.92%;}}<\/style><\/div><style type=\"text\/css\">.fusion-body .fusion-flex-container.fusion-builder-row-1{ padding-top : 130px;margin-top : 0px;padding-right : 0px;padding-bottom : 100px;margin-bottom : 0px;padding-left : 0px;}<\/style><\/div><div class=\"fusion-fullwidth fullwidth-box fusion-builder-row-2 fusion-flex-container nonhundred-percent-fullwidth non-hundred-percent-height-scrolling fusion-no-small-visibility fusion-no-medium-visibility\" style=\"background-color: rgba(255,255,255,0);background-position: center center;background-repeat: no-repeat;border-width: 0px 0px 0px 0px;border-color:#eae9e9;border-style:solid;\" ><div class=\"fusion-builder-row fusion-row fusion-flex-align-items-stretch\" style=\"max-width:1664px;margin-left: calc(-4% \/ 2 );margin-right: calc(-4% \/ 2 );\"><\/div><style type=\"text\/css\">.fusion-body .fusion-flex-container.fusion-builder-row-2{ padding-top : 2%;margin-top : -160px;padding-right : 15%;padding-bottom : 7%;margin-bottom : 0px;padding-left : 15%;}<\/style><\/div><\/p>\n","protected":false},"excerpt":{"rendered":"","protected":false},"author":1,"featured_media":0,"parent":0,"menu_order":0,"comment_status":"closed","ping_status":"open","template":"100-width.php","meta":[],"_links":{"self":[{"href":"https:\/\/www.cullererende.com\/es\/wp-json\/wp\/v2\/pages\/2329"}],"collection":[{"href":"https:\/\/www.cullererende.com\/es\/wp-json\/wp\/v2\/pages"}],"about":[{"href":"https:\/\/www.cullererende.com\/es\/wp-json\/wp\/v2\/types\/page"}],"author":[{"embeddable":true,"href":"https:\/\/www.cullererende.com\/es\/wp-json\/wp\/v2\/users\/1"}],"replies":[{"embeddable":true,"href":"https:\/\/www.cullererende.com\/es\/wp-json\/wp\/v2\/comments?post=2329"}],"version-history":[{"count":3,"href":"https:\/\/www.cullererende.com\/es\/wp-json\/wp\/v2\/pages\/2329\/revisions"}],"predecessor-version":[{"id":2333,"href":"https:\/\/www.cullererende.com\/es\/wp-json\/wp\/v2\/pages\/2329\/revisions\/2333"}],"wp:attachment":[{"href":"https:\/\/www.cullererende.com\/es\/wp-json\/wp\/v2\/media?parent=2329"}],"curies":[{"name":"wp","href":"https:\/\/api.w.org\/{rel}","templated":true}]}}