{"id":2303,"date":"2021-02-01T10:29:19","date_gmt":"2021-02-01T10:29:19","guid":{"rendered":"https:\/\/www.cullererende.com\/disseny-dinteriors\/"},"modified":"2021-11-03T11:14:04","modified_gmt":"2021-11-03T10:14:04","slug":"disseny-dinteriors","status":"publish","type":"page","link":"https:\/\/www.cullererende.com\/es\/disseny-dinteriors\/","title":{"rendered":"Disseny d&#8217;interiors"},"content":{"rendered":"<p><div class=\"fusion-bg-parallax\" data-bg-align=\"left top\" data-direction=\"up\" data-mute=\"false\" data-opacity=\"100\" data-velocity=\"-0.3\" data-mobile-enabled=\"false\" data-break_parents=\"0\" data-bg-image=\"https:\/\/www.cullererende.com\/wp-content\/uploads\/2021\/02\/FONS-SLIDER-DECO.png\" data-bg-repeat=\"false\" ><\/div><div class=\"fusion-fullwidth fullwidth-box fusion-builder-row-1 fusion-flex-container fusion-parallax-up nonhundred-percent-fullwidth non-hundred-percent-height-scrolling\" style=\"background-color: rgba(255,255,255,0);background-image: url(&quot;https:\/\/www.cullererende.com\/wp-content\/uploads\/2021\/02\/FONS-SLIDER-DECO.png&quot;);background-position: left top;background-repeat: no-repeat;border-width: 0px 0px 0px 0px;border-color:#eae9e9;border-style:solid;-webkit-background-size:cover;-moz-background-size:cover;-o-background-size:cover;background-size:cover;\" ><div class=\"fusion-builder-row fusion-row fusion-flex-align-items-flex-start\" style=\"max-width:1664px;margin-left: calc(-4% \/ 2 );margin-right: calc(-4% \/ 2 );\"><div class=\"fusion-layout-column fusion_builder_column fusion-builder-column-0 fusion_builder_column_1_2 1_2 fusion-flex-column\"><div class=\"fusion-column-wrapper fusion-flex-justify-content-flex-start fusion-content-layout-column\" style=\"background-position:left top;background-repeat:no-repeat;-webkit-background-size:cover;-moz-background-size:cover;-o-background-size:cover;background-size:cover;padding: 0px 0px 0px 0px;\"><style type=\"text\/css\">@media only screen and (max-width:800px) {.fusion-title.fusion-title-1{margin-top:0px!important;margin-bottom:30px!important;}}<\/style><div class=\"fusion-title title fusion-title-1 fusion-sep-none fusion-title-text fusion-title-size-two\" style=\"margin-top:0px;margin-bottom:30px;\"><h2 class=\"title-heading-left\" style=\"margin:0;color:#ffffff;\">DISE\u00d1O DE INTERIORES Y DECORACI\u00d3N<\/h2><\/div><div class=\"fusion-text fusion-text-1\" style=\"font-size:18px;\"><p><span style=\"color: #ffffff;\">Como dise\u00f1adores de interiores planificamos hasta el \u00faltimo detalle el dise\u00f1o de cada estancia, asesor\u00e1ndote en la configuraci\u00f3n de cada espacio y eligiendo cuidadosamente los materiales, texturas y acabados, con el fin de conseguir un dise\u00f1o que facilite tu d\u00eda a d\u00eda y el de tu familia para que aumente considerablemente su nivel de comodidad, confort y bienestar.<\/span><\/p>\n<\/div><\/div><\/div><style type=\"text\/css\">.fusion-body .fusion-builder-column-0{width:50% !important;margin-top : 0px;margin-bottom : 20px;}.fusion-builder-column-0 > .fusion-column-wrapper {padding-top : 0px !important;padding-right : 0px !important;margin-right : 3.84%;padding-bottom : 0px !important;padding-left : 0px !important;margin-left : 3.84%;}@media only screen and (max-width:800px) {.fusion-body .fusion-builder-column-0{width:100% !important;}.fusion-builder-column-0 > .fusion-column-wrapper {margin-right : 1.92%;margin-left : 1.92%;}}@media only screen and (max-width:640px) {.fusion-body .fusion-builder-column-0{width:100% !important;}.fusion-builder-column-0 > .fusion-column-wrapper {margin-right : 1.92%;margin-left : 1.92%;}}<\/style><\/div><style type=\"text\/css\">.fusion-body .fusion-flex-container.fusion-builder-row-1{ padding-top : 130px;margin-top : 0px;padding-right : 0px;padding-bottom : 120px;margin-bottom : 0px;padding-left : 0px;}<\/style><\/div><div class=\"fusion-fullwidth fullwidth-box fusion-builder-row-2 fusion-flex-container nonhundred-percent-fullwidth non-hundred-percent-height-scrolling\" style=\"background-color: rgba(255,255,255,0);background-position: left top;background-repeat: no-repeat;border-width: 0px 0px 0px 0px;border-color:#eae9e9;border-style:solid;\" ><div class=\"fusion-builder-row fusion-row fusion-flex-align-items-flex-start\" style=\"max-width:1664px;margin-left: calc(-4% \/ 2 );margin-right: calc(-4% \/ 2 );\"><div class=\"fusion-layout-column fusion_builder_column fusion-builder-column-1 fusion_builder_column_2_3 2_3 fusion-flex-column\"><div class=\"fusion-column-wrapper fusion-flex-justify-content-flex-start fusion-content-layout-column\" style=\"background-position:left top;background-repeat:no-repeat;-webkit-background-size:cover;-moz-background-size:cover;-o-background-size:cover;background-size:cover;padding: 0px 0px 0px 0px;\"><div class=\"fusion-text fusion-text-2\" style=\"font-size:18px;line-height:38px;font-family:&quot;Raleway&quot;;font-style: italic;font-weight:500;\"><p>Como dise\u00f1adores de interiores planificamos hasta el \u00faltimo detalle el dise\u00f1o de cada estancia, asesor\u00e1ndote en la configuraci\u00f3n de cada espacio y eligiendo cuidadosamente los materiales, texturas y acabados, con el fin de conseguir un dise\u00f1o que facilite tu d\u00eda a d\u00eda y el de tu familia para que aumente considerablemente su nivel de comodidad, confort y bienestar.<\/p>\n<\/div><div class=\"fusion-separator fusion-full-width-sep\" style=\"align-self: center;margin-left: auto;margin-right: auto;margin-top:2%;width:100%;\"><\/div><div class=\"fusion-text fusion-text-3\"><p>Te ofrecemos tambi\u00e9n el servicio de <strong>decoraci\u00f3n<\/strong> gracias a los conocimientos y experiencia de nuestra decoradora, para llevar a cabo un cambio de imagen de alguna estancia o de la totalidad de tu casa. Podemos ayudarte a <strong>transformar un espacio sin la necesidad de realizar obras<\/strong>, con un cambio de coloraci\u00f3n, texturas y mobiliario, <strong>apto tambi\u00e9n para cocinas y ba\u00f1os<\/strong>. Es un servicio totalmente novedoso ya tu alcance para conseguir una renovaci\u00f3n de la decoraci\u00f3n de tu hogar totalmente adaptado y personalizado a tu gusto.<\/p>\n<\/div><div ><style type=\"text\/css\">.fusion-button.button-1 {border-radius:5px;}.fusion-button.button-1 .fusion-button-text {text-transform:uppercase;}<\/style><a class=\"fusion-button button-flat fusion-button-default-size button-default button-1 fusion-button-default-span fusion-button-default-type\" target=\"_self\" href=\"\/es\/portfolio_category\/diseno-de-interiores\/\"><span class=\"fusion-button-text\">VER PROYECTOS DE DECORACI\u00d3N<\/span><\/a><\/div><\/div><\/div><style type=\"text\/css\">.fusion-body .fusion-builder-column-1{width:66.666666666667% !important;margin-top : 0px;margin-bottom : 20px;}.fusion-builder-column-1 > .fusion-column-wrapper {padding-top : 0px !important;padding-right : 0px !important;margin-right : 3.84%;padding-bottom : 0px !important;padding-left : 0px !important;margin-left : 2.88%;}@media only screen and (max-width:800px) {.fusion-body .fusion-builder-column-1{width:100% !important;}.fusion-builder-column-1 > .fusion-column-wrapper {margin-right : 1.92%;margin-left : 1.92%;}}@media only screen and (max-width:640px) {.fusion-body .fusion-builder-column-1{width:100% !important;}.fusion-builder-column-1 > .fusion-column-wrapper {margin-right : 1.92%;margin-left : 1.92%;}}<\/style><div class=\"fusion-layout-column fusion_builder_column fusion-builder-column-2 fusion_builder_column_1_3 1_3 fusion-flex-column\"><div class=\"fusion-column-wrapper fusion-flex-justify-content-flex-start fusion-content-layout-column\" style=\"background-position:left top;background-repeat:no-repeat;-webkit-background-size:cover;-moz-background-size:cover;-o-background-size:cover;background-size:cover;padding: 0px 0px 0px 0px;\"><div ><span class=\" fusion-imageframe imageframe-none imageframe-1 hover-type-zoomin fusion-animated\" data-animationType=\"fadeInDown\" data-animationDuration=\"1\" data-animationOffset=\"100%\"><a href=\"https:\/\/www.cullererende.com\/wp-content\/uploads\/2021\/02\/CUINA-MENJADOR-scaled.jpg\" class=\"fusion-lightbox\" data-rel=\"iLightbox[ec3f8413f98c7948582]\" data-title=\"CUINA-MENJADOR\" title=\"CUINA-MENJADOR\"><img width=\"2560\" height=\"1440\" src=\"https:\/\/www.cullererende.com\/wp-content\/uploads\/2021\/02\/CUINA-MENJADOR-scaled.jpg\" class=\"img-responsive wp-image-1578\" srcset=\"https:\/\/www.cullererende.com\/wp-content\/uploads\/2021\/02\/CUINA-MENJADOR-200x113.jpg 200w, https:\/\/www.cullererende.com\/wp-content\/uploads\/2021\/02\/CUINA-MENJADOR-400x225.jpg 400w, https:\/\/www.cullererende.com\/wp-content\/uploads\/2021\/02\/CUINA-MENJADOR-600x338.jpg 600w, https:\/\/www.cullererende.com\/wp-content\/uploads\/2021\/02\/CUINA-MENJADOR-800x450.jpg 800w, https:\/\/www.cullererende.com\/wp-content\/uploads\/2021\/02\/CUINA-MENJADOR-1200x675.jpg 1200w, https:\/\/www.cullererende.com\/wp-content\/uploads\/2021\/02\/CUINA-MENJADOR-scaled.jpg 2560w\" sizes=\"(max-width: 800px) 100vw, (max-width: 640px) 100vw, 600px\" \/><\/a><\/span><\/div><\/div><\/div><style type=\"text\/css\">.fusion-body .fusion-builder-column-2{width:33.333333333333% !important;margin-top : 0px;margin-bottom : 20px;}.fusion-builder-column-2 > .fusion-column-wrapper {padding-top : 0px !important;padding-right : 0px !important;margin-right : 5.76%;padding-bottom : 0px !important;padding-left : 0px !important;margin-left : 3.84%;}@media only screen and (max-width:800px) {.fusion-body .fusion-builder-column-2{width:100% !important;}.fusion-builder-column-2 > .fusion-column-wrapper {margin-right : 1.92%;margin-left : 1.92%;}}@media only screen and (max-width:640px) {.fusion-body .fusion-builder-column-2{width:100% !important;}.fusion-builder-column-2 > .fusion-column-wrapper {margin-right : 1.92%;margin-left : 1.92%;}}<\/style><\/div><style type=\"text\/css\">.fusion-body .fusion-flex-container.fusion-builder-row-2{ padding-top : 4%;margin-top : 0px;padding-right : 0px;padding-bottom : 2%;margin-bottom : 0;padding-left : 0px;}<\/style><\/div><div class=\"fusion-bg-parallax\" data-bg-align=\"center top\" data-direction=\"up\" data-mute=\"false\" data-opacity=\"100\" data-velocity=\"-0.3\" data-mobile-enabled=\"false\" data-break_parents=\"0\" data-bg-image=\"https:\/\/www.cullererende.com\/wp-content\/uploads\/2020\/11\/EXTERIOR-HABITATGE-4-copia.jpg\" data-bg-repeat=\"false\" data-blend-mode=\"multiply\" data-bg-gradient-type=\"linear\" data-bg-gradient-angle=\"180\" data-bg-gradient-start-color=\"rgba(0,0,0,0.2)\" data-bg-gradient-start-position=\"0\" data-bg-gradient-end-color=\"rgba(0,0,0,0.6)\" data-bg-gradient-end-position=\"100\" data-bg-radial-direction=\"center center\" ><\/div><div class=\"fusion-fullwidth fullwidth-box fusion-builder-row-3 fusion-flex-container fusion-parallax-up nonhundred-percent-fullwidth non-hundred-percent-height-scrolling\" style=\"background-color: rgba(255,255,255,0);background-image: url(&quot;https:\/\/www.cullererende.com\/wp-content\/uploads\/2020\/11\/EXTERIOR-HABITATGE-4-copia.jpg&quot;);background-image:linear-gradient(180deg, rgba(0,0,0,0.2) 0%,rgba(0,0,0,0.6) 100%),url(https:\/\/www.cullererende.com\/wp-content\/uploads\/2020\/11\/EXTERIOR-HABITATGE-4-copia.jpg);background-position: center top;background-repeat: no-repeat;background-blend-mode: multiply;border-width: 0px 0px 0px 0px;border-color:#eae9e9;border-style:solid;-webkit-background-size:cover;-moz-background-size:cover;-o-background-size:cover;background-size:cover;\" ><div class=\"fusion-builder-row fusion-row fusion-flex-align-items-flex-start\" style=\"max-width:1664px;margin-left: calc(-4% \/ 2 );margin-right: calc(-4% \/ 2 );\"><div class=\"fusion-layout-column fusion_builder_column fusion-builder-column-3 fusion_builder_column_1_1 1_1 fusion-flex-column\"><div class=\"fusion-column-wrapper fusion-flex-justify-content-flex-start fusion-content-layout-column\" style=\"background-position:left top;background-repeat:no-repeat;-webkit-background-size:cover;-moz-background-size:cover;-o-background-size:cover;background-size:cover;padding: 3% 5% 3% 5%;\"><div class=\"fusion-separator fusion-full-width-sep\" style=\"align-self: center;margin-left: auto;margin-right: auto;margin-top:100px;width:100%;\"><\/div><style type=\"text\/css\">@media only screen and (max-width:800px) {.fusion-title.fusion-title-2{margin-top:0px!important;margin-bottom:30px!important;}}<\/style><div class=\"fusion-title title fusion-title-2 fusion-sep-none fusion-title-center fusion-title-text fusion-title-size-two\" style=\"font-size:30PX;margin-top:0px;margin-bottom:30px;\"><h2 class=\"title-heading-center\" style=\"margin:0;font-size:1em;\"><p style=\"text-align: center;\"><strong><span style=\"color: #ffffff;\">\u00bfTIENES UN PROYECTO EN MENTE?<br \/>\n<\/span><\/strong><em><span style=\"color: #ffffff;\">P\u00eddanos un presupuesto sin compromiso<\/span><\/em><\/p><\/h2><\/div><div style=\"text-align:center;\"><style type=\"text\/css\">.fusion-button.button-2 .fusion-button-text, .fusion-button.button-2 i {color:#ffffff;}.fusion-button.button-2 .fusion-button-icon-divider{border-color:#ffffff;}.fusion-button.button-2:hover .fusion-button-text, .fusion-button.button-2:hover i,.fusion-button.button-2:focus .fusion-button-text, .fusion-button.button-2:focus i,.fusion-button.button-2:active .fusion-button-text, .fusion-button.button-2:active{color:rgba(0,0,0,0.99);}.fusion-button.button-2:hover .fusion-button-icon-divider, .fusion-button.button-2:hover .fusion-button-icon-divider, .fusion-button.button-2:active .fusion-button-icon-divider{border-color:rgba(0,0,0,0.99);}.fusion-button.button-2:hover, .fusion-button.button-2:focus, .fusion-button.button-2:active{border-color:rgba(0,0,0,0);}.fusion-button.button-2 {border-color:#ffffff;border-radius:5px;}.fusion-button.button-2{background: rgba(255,255,255,0.035);}.fusion-button.button-2:hover,.button-2:focus,.fusion-button.button-2:active{background: #ffffff;}<\/style><a class=\"fusion-button button-flat button-xlarge button-custom button-2 fusion-button-default-span fusion-button-default-type\" target=\"_self\" href=\"\/es\/contact\/\"><span class=\"fusion-button-text\">CONTACTA<\/span><\/a><\/div><div class=\"fusion-separator fusion-full-width-sep\" style=\"align-self: center;margin-left: auto;margin-right: auto;margin-top:100px;width:100%;\"><\/div><\/div><\/div><style type=\"text\/css\">.fusion-body .fusion-builder-column-3{width:100% !important;margin-top : 0px;margin-bottom : 20px;}.fusion-builder-column-3 > .fusion-column-wrapper {padding-top : 3% !important;padding-right : 5% !important;margin-right : 1.92%;padding-bottom : 3% !important;padding-left : 5% !important;margin-left : 1.92%;}@media only screen and (max-width:800px) {.fusion-body .fusion-builder-column-3{width:100% !important;order : 0;}.fusion-builder-column-3 > .fusion-column-wrapper {margin-right : 1.92%;margin-left : 1.92%;}}@media only screen and (max-width:640px) {.fusion-body .fusion-builder-column-3{width:100% !important;order : 0;}.fusion-builder-column-3 > .fusion-column-wrapper {margin-right : 1.92%;margin-left : 1.92%;}}<\/style><\/div><style type=\"text\/css\">.fusion-body .fusion-flex-container.fusion-builder-row-3{ padding-top : 0px;margin-top : 0px;padding-right : 0px;padding-bottom : 0px;margin-bottom : 0px;padding-left : 0px;}<\/style><\/div><\/p>\n","protected":false},"excerpt":{"rendered":"","protected":false},"author":1,"featured_media":0,"parent":0,"menu_order":0,"comment_status":"closed","ping_status":"closed","template":"100-width.php","meta":[],"_links":{"self":[{"href":"https:\/\/www.cullererende.com\/es\/wp-json\/wp\/v2\/pages\/2303"}],"collection":[{"href":"https:\/\/www.cullererende.com\/es\/wp-json\/wp\/v2\/pages"}],"about":[{"href":"https:\/\/www.cullererende.com\/es\/wp-json\/wp\/v2\/types\/page"}],"author":[{"embeddable":true,"href":"https:\/\/www.cullererende.com\/es\/wp-json\/wp\/v2\/users\/1"}],"replies":[{"embeddable":true,"href":"https:\/\/www.cullererende.com\/es\/wp-json\/wp\/v2\/comments?post=2303"}],"version-history":[{"count":3,"href":"https:\/\/www.cullererende.com\/es\/wp-json\/wp\/v2\/pages\/2303\/revisions"}],"predecessor-version":[{"id":2306,"href":"https:\/\/www.cullererende.com\/es\/wp-json\/wp\/v2\/pages\/2303\/revisions\/2306"}],"wp:attachment":[{"href":"https:\/\/www.cullererende.com\/es\/wp-json\/wp\/v2\/media?parent=2303"}],"curies":[{"name":"wp","href":"https:\/\/api.w.org\/{rel}","templated":true}]}}